{"id":30,"date":"2025-01-31T20:27:36","date_gmt":"2025-01-31T20:27:36","guid":{"rendered":"https:\/\/wchungary2025.hu\/?page_id=30"},"modified":"2025-03-11T11:20:20","modified_gmt":"2025-03-11T11:20:20","slug":"news","status":"publish","type":"page","link":"https:\/\/wchungary2025.hu\/hu\/news\/","title":{"rendered":"H\u00edr"},"content":{"rendered":"<p>[et_pb_section fb_built=&#8221;1&#8243; admin_label=&#8221;Blog&#8221; _builder_version=&#8221;4.16&#8243; _module_preset=&#8221;default&#8221; global_colors_info=&#8221;{}&#8221;][et_pb_row _builder_version=&#8221;4.16&#8243; _module_preset=&#8221;default&#8221; global_colors_info=&#8221;{}&#8221;][et_pb_column type=&#8221;4_4&#8243; _builder_version=&#8221;4.16&#8243; _module_preset=&#8221;default&#8221; global_colors_info=&#8221;{}&#8221;][et_pb_text _builder_version=&#8221;4.16&#8243; _module_preset=&#8221;df96b77a-cd4f-44a8-a771-2d6347592b53&#8243; header_2_font=&#8221;Oswald|500||on|||||&#8221; header_2_text_align=&#8221;center&#8221; header_2_text_color=&#8221;#1a202c&#8221; header_2_font_size=&#8221;40px&#8221; header_2_letter_spacing=&#8221;1px&#8221; header_2_line_height=&#8221;1.35em&#8221; header_2_font_size_tablet=&#8221;32px&#8221; header_2_font_size_phone=&#8221;17px&#8221; header_2_font_size_last_edited=&#8221;on|phone&#8221; locked=&#8221;off&#8221; global_colors_info=&#8221;{}&#8221; header_2_letter_spacing__hover_enabled=&#8221;off|hover&#8221;]<\/p>\n<h2>H\u00edrek \u00e9s friss\u00edt\u00e9sek<\/h2>\n<p>[\/et_pb_text][\/et_pb_column][\/et_pb_row][et_pb_row _builder_version=&#8221;4.16&#8243; _module_preset=&#8221;default&#8221; z_index=&#8221;20&#8243; custom_margin=&#8221;||-20vw||false|false&#8221; custom_margin_tablet=&#8221;||-30%||false|false&#8221; custom_margin_phone=&#8221;||-50%||false|false&#8221; custom_margin_last_edited=&#8221;off|desktop&#8221; global_colors_info=&#8221;{}&#8221;][et_pb_column type=&#8221;4_4&#8243; _builder_version=&#8221;4.16&#8243; _module_preset=&#8221;default&#8221; global_colors_info=&#8221;{}&#8221;][et_pb_blog fullwidth=&#8221;off&#8221; posts_number=&#8221;20&#8243; show_more=&#8221;on&#8221; show_author=&#8221;off&#8221; show_categories=&#8221;off&#8221; show_pagination=&#8221;off&#8221; _builder_version=&#8221;4.27.4&#8243; _module_preset=&#8221;default&#8221; header_font=&#8221;Oswald|500||on|||||&#8221; header_text_color=&#8221;#1a202c&#8221; header_font_size=&#8221;15px&#8221; header_letter_spacing=&#8221;0.5px&#8221; header_line_height=&#8221;1.4em&#8221; body_font=&#8221;Poppins||||||||&#8221; body_text_color=&#8221;#9e9e9e&#8221; body_font_size=&#8221;12px&#8221; body_line_height=&#8221;1.6em&#8221; meta_font=&#8221;Poppins|500|||||||&#8221; meta_text_color=&#8221;#19924A&#8221; meta_font_size=&#8221;12px&#8221; read_more_font=&#8221;Oswald|500||on|||||&#8221; read_more_text_color=&#8221;#19924A&#8221; read_more_font_size=&#8221;12px&#8221; read_more_letter_spacing=&#8221;1px&#8221; read_more_line_height=&#8221;1.6em&#8221; pagination_font=&#8221;Oswald|500||on|||||&#8221; pagination_text_color=&#8221;#19924a&#8221; pagination_letter_spacing=&#8221;1px&#8221; hover_enabled=&#8221;0&#8243; header_font_size_tablet=&#8221;&#8221; header_font_size_phone=&#8221;14px&#8221; header_font_size_last_edited=&#8221;on|phone&#8221; custom_css_read_more=&#8221;margin-top: 10px;||display: block;&#8221; border_color_all=&#8221;#e2e8f0&#8243; box_shadow_style=&#8221;preset3&#8243; box_shadow_vertical=&#8221;20px&#8221; box_shadow_blur=&#8221;40px&#8221; box_shadow_color=&#8221;rgba(26,32,44,0.11)&#8221; global_colors_info=&#8221;{}&#8221; sticky_enabled=&#8221;0&#8243;][\/et_pb_blog][\/et_pb_column][\/et_pb_row][\/et_pb_section][et_pb_section fb_built=&#8221;1&#8243; admin_label=&#8221;Footer&#8221; _builder_version=&#8221;4.27.4&#8243; _module_preset=&#8221;default&#8221; background_enable_color=&#8221;off&#8221; background_enable_image=&#8221;off&#8221; background_position=&#8221;top_center&#8221; custom_padding=&#8221;20vw||3vw||false|false&#8221; saved_tabs=&#8221;all&#8221; locked=&#8221;off&#8221; global_colors_info=&#8221;{}&#8221;][\/et_pb_section]<\/p>","protected":false},"excerpt":{"rendered":"<p>H\u00edrek \u00e9s friss\u00edt\u00e9sek<\/p>","protected":false},"author":1,"featured_media":0,"parent":0,"menu_order":0,"comment_status":"closed","ping_status":"closed","template":"","meta":{"_et_pb_use_builder":"on","_et_pb_old_content":"<!-- wp:divi\/placeholder \/-->","_et_gb_content_width":"","footnotes":""},"class_list":["post-30","page","type-page","status-publish","hentry"],"_links":{"self":[{"href":"https:\/\/wchungary2025.hu\/hu\/wp-json\/wp\/v2\/pages\/30","targetHints":{"allow":["GET"]}}],"collection":[{"href":"https:\/\/wchungary2025.hu\/hu\/wp-json\/wp\/v2\/pages"}],"about":[{"href":"https:\/\/wchungary2025.hu\/hu\/wp-json\/wp\/v2\/types\/page"}],"author":[{"embeddable":true,"href":"https:\/\/wchungary2025.hu\/hu\/wp-json\/wp\/v2\/users\/1"}],"replies":[{"embeddable":true,"href":"https:\/\/wchungary2025.hu\/hu\/wp-json\/wp\/v2\/comments?post=30"}],"version-history":[{"count":6,"href":"https:\/\/wchungary2025.hu\/hu\/wp-json\/wp\/v2\/pages\/30\/revisions"}],"predecessor-version":[{"id":249,"href":"https:\/\/wchungary2025.hu\/hu\/wp-json\/wp\/v2\/pages\/30\/revisions\/249"}],"wp:attachment":[{"href":"https:\/\/wchungary2025.hu\/hu\/wp-json\/wp\/v2\/media?parent=30"}],"curies":[{"name":"wp","href":"https:\/\/api.w.org\/{rel}","templated":true}]}}